{"id":158,"date":"2024-01-17T14:27:12","date_gmt":"2024-01-17T07:27:12","guid":{"rendered":"http:\/\/tinhocachau.com.vn\/?page_id=158"},"modified":"2025-10-01T09:35:44","modified_gmt":"2025-10-01T02:35:44","slug":"gioi-thieu","status":"publish","type":"page","link":"http:\/\/www.tinhocachau.com.vn\/?page_id=158","title":{"rendered":"Gi\u1edbi thi\u1ec7u"},"content":{"rendered":"\n<p><\/p>\n\n\n\n<p class=\"has-text-align-center\"><strong>C\u00f4ng ty TNHH Tin H\u1ecdc \u00c1 Ch\u00e2u k\u00ednh ch\u00e0o qu\u00fd kh\u00e1ch!<\/strong><\/p>\n\n\n\n<p>           \u0110\u01b0\u1ee3c th\u00e0nh l\u1eadp t\u1eeb n\u0103m 2002, l\u00e0 m\u1ed9t trong nh\u1eefng c\u00f4ng ty h\u00e0ng \u0111\u1ea7u v\u1ec1 l\u0129nh v\u1ef1c c\u00f4ng ngh\u1ec7 th\u00f4ng tin t\u1ea1i C\u1ea7n Th\u01a1, \u0111\u1ea1i l\u00fd ph\u00e2n ph\u1ed1i \u2013 b\u00e1n l\u1ebb nhi\u1ec1u m\u1eb7t h\u00e0ng v\u1ec1 c\u00f4ng ngh\u1ec7 th\u00f4ng tin, cung c\u1ea5p d\u1ecbch v\u1ee5. C\u00f4ng ty lu\u00f4n \u0111\u1eb7t uy t\u00ednh, ch\u1ea5t l\u01b0\u1ee3ng l\u00ean h\u00e0ng \u0111\u1ea7u.<br>C\u00f4ng ty l\u00e0 \u0111\u1ed1i t\u00e1c c\u1ee7a nhi\u1ec1u nh\u00e3n h\u00e0ng uy t\u00ednh h\u00e0ng \u0111\u1ea7u t\u1ea1i Vi\u1ec7t Nam: Intel, Gigabyte, HP, Canon, Asus, MSI, Dell, Toshiba, Seagate, Western, \u2026..<br>           &#8211; Tr\u1ee5 s\u1edf ch\u00ednh t\u1ea1i S\u1ed1 41 L\u00fd T\u1ef1 Tr\u1ecdng, ph\u01b0\u1eddng Ninh Ki\u1ec1u, th\u00e0nh ph\u1ed1 C\u1ea7n Th\u01a1.<br>           &#8211; C\u1eeda h\u00e0ng Laptop t\u1ea1i S\u1ed1 68 L\u00fd T\u1ef1 Tr\u1ecdng, ph\u01b0\u1eddng Ninh Ki\u1ec1u, th\u00e0nh ph\u1ed1 C\u1ea7n Th\u01a1<br>           &#8211; \u0110i\u1ec7n tho\u1ea1i: 02923 832022\u00a0\u00a0\u00a0\u00a0\u00a0 Fax: 02923 833 406<br>           &#8211; M\u00e3 s\u1ed1 thu\u1ebf\u00a0: 1800457284<\/p>\n\n\n\n<p>           Y\u00eau c\u1ea7u b\u00e1o gi\u00e1 ho\u1eb7c c\u00e1c c\u00f4ng v\u0103n kh\u00e1c, vui l\u00f2ng g\u1eedi \u0111\u1ebfn \u0111\u1ecba ch\u1ec9 mail: <\/p>\n\n\n\n<p>            <strong>achaucantho68@gmail.com<\/strong>      ho\u1eb7c        <strong>luuhunghau1982@gmail.com<\/strong><\/p>\n\n\n\n<p><strong>CH\u00cdNH S\u00c1CH GIAO H\u00c0NG<\/strong><\/p>\n\n\n\n<p>\u2013 \u0110\u1ed1i v\u1edbi kh\u00e1ch h\u00e0ng trong n\u1ed9i \u00f4 ph\u01b0\u1eddng Ninh Ki\u1ec1u, th\u00e0nh ph\u1ed1 C\u1ea7n Th\u01a1:<\/p>\n\n\n\n<ul class=\"wp-block-list\">\n<li>Nh\u1eefng \u0111\u01a1n h\u00e0ng tr\u00ean 01 tri\u1ec7u, c\u00f4ng ty ch\u00fang t\u00f4i giao h\u00e0ng t\u1eadn n\u01a1i.<\/li>\n\n\n\n<li>H\u1ed7 tr\u1ee3 l\u1ea7n c\u00e0i \u0111\u1eb7t \u0111\u1ea7u ti\u00ean \u0111\u1ed1i v\u1edbi ph\u1ea7n m\u1ec1m k\u00e8m theo thi\u1ebft b\u1ecb \u0111\u00e3 giao.<\/li>\n\n\n\n<li>\u0110\u1ed1i v\u1edbi ph\u1ea7n m\u1ec1m b\u1ea3n quy\u1ec1n, ch\u00fang t\u00f4i h\u1ed7 tr\u1ee3 c\u00e0i \u0111\u1eb7t khi c\u00f3 y\u00eau c\u1ea7u c\u1ee7a kh\u00e1ch h\u00e0ng.<\/li>\n\n\n\n<li>Kh\u00f4ng bao g\u1ed3m chi ph\u00ed l\u1eafp \u0111\u1eb7t.<\/li>\n<\/ul>\n\n\n\n<p>\u2013 \u0110\u1ed1i v\u1edbi nh\u1eefng n\u01a1i kh\u00e1c, chi ph\u00ed v\u1eadn chuy\u1ec3n s\u1ebd \u0111\u01b0\u1ee3c c\u1ed9ng th\u00eam v\u00e0o thi\u1ebft b\u1ecb d\u1ef1a v\u00e0o kho\u1ea3ng c\u00e1ch \u0111\u1ecba l\u00fd v\u00e0 m\u1ee9c \u0111\u1ed9 kh\u00f3 kh\u0103n trong khi v\u1eadn chuy\u1ec3n; M\u1ecdi chi ph\u00ed khi \u0111\u01b0\u1ee3c th\u1ecfa thu\u1eadn v\u00e0 \u0111\u1ed3ng \u00fd c\u1ee7a kh\u00e1ch h\u00e0ng.<\/p>\n\n\n\n<p><strong>PH\u01af\u01a0NG TH\u1ee8C THANH TO\u00c1N<\/strong><\/p>\n\n\n\n<p>\u2013 Thanh to\u00e1n t\u1ea1i c\u1eeda h\u00e0ng ho\u1eb7c t\u1ea1i \u0111\u1ecba \u0111i\u1ec3m giao h\u00e0ng.<\/p>\n\n\n\n<p>\u2013 Thanh to\u00e1n qua ng\u00e2n h\u00e0ng: li\u00ean h\u1ec7 v\u1edbi nh\u00e2n vi\u00ean kinh doanh \u0111\u1ec3 \u0111\u01b0\u1ee3c th\u00f4ng tin ch\u00ednh x\u00e1c. \u0110i\u1ec7n tho\u1ea1i 02923 832022.<br>T\u00ean t\u00e0i kho\u1ea3n: C\u00f4ng Ty TNHH TIN H\u1eccC \u00c1 CH\u00c2U<br>\u2013 10104699 t\u1ea1i Ng\u00e2n H\u00e0ng Th\u01b0\u01a1ng M\u1ea1i C\u1ed5 Ph\u1ea7n \u00c1 Ch\u00e2u CN C\u1ea7n Th\u01a1 (ACB C\u1ea6N TH\u01a0)<br>T\u00ean t\u00e0i kho\u1ea3n: C\u00f4ng Ty TNHH TIN H\u1eccC \u00c1 CH\u00c2U<br>\u2013 0111001024523 t\u1ea1i&nbsp;Ng\u00e2n H\u00e0ng TMCP Ngo\u1ea1i Th\u01b0\u01a1ng Vi\u1ec7t Nam CN C\u1ea7n Th\u01a1 (VIETCOMBANK CN C\u1ea6N TH\u01a0)<br>\u2013 Thanh to\u00e1n tr\u1ef1c tuy\u1ebfn: kh\u00f4ng \u00e1p d\u1ee5ng.<\/p>\n\n\n\n<p><strong>CH\u00cdNH S\u00c1CH B\u1ea2O H\u00c0NH H\u00c0NG H\u00d3A<\/strong><\/p>\n\n\n\n<p>\u2013 \u0110\u1ed1i v\u1edbi thi\u1ebft b\u1ecb ph\u1ea7n c\u1ee9ng:&nbsp;b\u1ea3o h\u00e0nh d\u1ef1a v\u00e0o tem ho\u1eb7c gi\u1ea5y ch\u1ee9ng nh\u1eadn b\u1ea3o h\u00e0nh k\u00e8m theo thi\u1ebft b\u1ecb.<\/p>\n\n\n\n<ul class=\"wp-block-list\">\n<li>B\u1ea3o h\u00e0nh theo ti\u00eau chu\u1ea9n c\u1ee7a nh\u00e0 s\u1ea3n xu\u1ea5t thi\u1ebft b\u1ecb, th\u00f4ng b\u00e1o v\u1edbi kh\u00e1ch h\u00e0ng tr\u01b0\u1edbc khi ti\u1ebfn h\u00e0nh giao d\u1ecbch. Kh\u00e1ch h\u00e0ng c\u00f3 th\u1ec3 tham kh\u1ea3o s\u1ed5 \u0111i\u1ec1u ki\u1ec7n b\u1ea3o h\u00e0nh k\u00e8m theo thi\u1ebft b\u1ecb.<\/li>\n\n\n\n<li>Trong th\u1eddi gian b\u1ea3o h\u00e0nh: Thi\u1ebft b\u1ecb l\u1ed7i do nh\u00e0 s\u1ea3n xu\u1ea5t ph\u1ea7n c\u1ee9ng, kh\u00e1ch h\u00e0ng s\u1ebd \u0111\u01b0\u1ee3c b\u1ea3o h\u00e0nh mi\u1ec5n ph\u00ed.<\/li>\n\n\n\n<li>T\u1eeb ch\u1ed1i b\u1ea3o h\u00e0nh \u0111\u1ed1i v\u1edbi c\u00e1c tr\u01b0\u1eddng h\u1ee3p: L\u1ed7i do thi\u00ean tai, h\u1ecfa ho\u1ea1n, ch\u00e1y n\u1ed5, ho\u1eb7c l\u1ed7i do ng\u01b0\u1eddi d\u00f9ng d\u1eabn \u0111\u1ebfn v\u1ee1 ho\u1eb7c n\u01b0\u1edbc v\u00e0o thi\u1ebft b\u1ecb \u0111i\u1ec7n t\u1eed.<br>\u2013 \u0110\u1ed1i v\u1edbi ph\u1ea7n m\u1ec1m c\u00f3 b\u1ea3n quy\u1ec1n h\u1ee3p ph\u00e1p:<\/li>\n\n\n\n<li>B\u1ea3o h\u00e0nh theo ti\u00eau chu\u1ea9n c\u1ee7a nh\u00e0 s\u1ea3n xu\u1ea5t.<\/li>\n\n\n\n<li>\u0110\u1ed1i v\u1edbi l\u1ed7i ph\u00e1t sinh do ng\u01b0\u1eddi d\u00f9ng nh\u01b0: nhi\u1ec5m virus, l\u1ed7i do ng\u01b0\u1eddi d\u00f9ng x\u00f3a ho\u1eb7c s\u1eeda \u0111\u1ed5i m\u1ed9t ph\u1ea7n c\u1ee7a ph\u1ea7n m\u1ec1m, h\u1ecfng ph\u1ea7n c\u1ee9ng d\u1eabn \u0111\u1ebfn ph\u1ea7n m\u1ec1m b\u1ecb l\u1ed7i ho\u1eb7c kh\u00f4ng th\u1ec3 kh\u1eafc ph\u1ee5c \u0111\u01b0\u1ee3c. Ch\u00fang t\u00f4i h\u1ed7 tr\u1ee3 trong ph\u1ea1m vi cho ph\u00e9p, ho\u1eb7c t\u1eeb ch\u1ed1i b\u1ea3o h\u00e0nh.<\/li>\n<\/ul>\n\n\n\n<p><strong>CH\u00cdNH S\u00c1CH \u0110\u1ed4I\/TR\u1ea2 H\u00c0NG V\u00c0 HO\u00c0N TI\u1ec0N<\/strong><\/p>\n\n\n\n<p><strong>1. Ch\u00ednh s\u00e1ch \u0111\u1ed5i tr\u1ea3:<\/strong><\/p>\n\n\n\n<p>Kh\u00e1ch h\u00e0ng c\u00f3 quy\u1ec1n \u0111\u1ed5i s\u1ea3n ph\u1ea9m kh\u00e1c ho\u1eb7c tr\u1ea3 s\u1ea3n ph\u1ea9m v\u00e0 l\u1ea5y l\u1ea1i ti\u1ec1n v\u1edbi chi ti\u1ebft nh\u01b0 sau:<\/p>\n\n\n\n<p>\u0110\u1ed5i tr\u1ea3 s\u1ea3n ph\u1ea9m b\u1ecb l\u1ed7i (Do nh\u00e0 s\u1ea3n xu\u1ea5t): Sau 24 gi\u1edd k\u1ec1 t\u1eeb khi k\u00fd x\u00e1c nh\u1eadn trong \u201c Bi\u00ean b\u1ea3n giao nh\u1eadn\u201d : \u0111\u1ed5i tr\u1ea3 mi\u1ec5n ph\u00ed ho\u1eb7c ho\u00e0n ti\u1ec1n&nbsp;(kh\u00f4ng bao g\u1ed3m ph\u00ed v\u1eadn chuy\u1ec3n)<\/p>\n\n\n\n<p>S\u1ea3n ph\u1ea9m \u201cKh\u00f4ng b\u1ecb l\u1ed7i\u201d&nbsp; ho\u1eb7c \u201cB\u1ecb l\u1ed7i\u201d do ng\u01b0\u1eddi d\u00f9ng:Kh\u00f4ng \u00e1p d\u1ee5ng \u0111\u1ed5i tr\u1ea3 ho\u1eb7c kh\u00e1ch h\u00e0ng ch\u1ecbu chi ph\u00ed s\u1eeda ch\u1eefa.<\/p>\n\n\n\n<p><strong>2. \u0110i\u1ec1u ki\u1ec7n \u0111\u1ed5i tr\u1ea3:<\/strong><\/p>\n\n\n\n<p>C\u00f2n h\u00f3a \u0111\u01a1n mua h\u00e0ng<\/p>\n\n\n\n<p>C\u00f2n \u0111\u1ea7y \u0111\u1ee7 h\u1ed9p s\u1ea3n ph\u1ea9m, s\u1ea3n ph\u1ea9m kh\u00f4ng b\u1ecb tr\u1ea7y x\u01b0\u1edbc.<\/p>\n\n\n\n<p>C\u00f2n \u0111\u1ea7y \u0111\u1ee7 phi\u1ebfu b\u1ea3o h\u00e0nh (n\u1ebfu c\u00f3) v\u00e0 ph\u1ee5 ki\u1ec7n \u0111i k\u00e8m<\/p>\n\n\n\n<p>Qu\u00e0 khuy\u1ebfn m\u00e3i c\u00f3 gi\u00e1 tr\u1ecb (n\u1ebfu c\u00f3)<\/p>\n\n\n\n<p>Tr\u01b0\u1eddng h\u1ee3p thi\u1ebfu c\u00e1c \u0111i\u1ec1u ki\u1ec7n tr\u00ean: thu ph\u00ed theo qui \u0111\u1ecbnh. Ngo\u00e0i ra, KH\u00d4NG thu th\u00eam b\u1ea5t k\u1ef3 ph\u00ed n\u00e0o kh\u00e1c<\/p>\n\n\n\n<p>Tem b\u1ea3o h\u00e0nh c\u00f2n nguy\u00ean: kh\u00f4ng b\u1ecb r\u00e1ch ho\u1eb7c m\u1edd<\/p>\n\n\n\n<p><strong>CH\u00cdNH S\u00c1CH B\u1ea2O M\u1eacT TH\u00d4NG TIN C\u00c1 NH\u00c2N<\/strong><\/p>\n\n\n\n<ol start=\"1\" class=\"wp-block-list\">\n<li>M\u1ee5c \u0111\u00edch v\u00e0 ph\u1ea1m vi thu th\u1eadp th\u00f4ng tin<br>M\u1ee5c \u0111\u00edch thu th\u1eadp th\u00f4ng tin:<br>C\u00f4ng ty TNHH Tin H\u1ecdc \u00c1 Ch\u00e2u thu th\u1eadp th\u00f4ng tin kh\u00e1ch h\u00e0ng v\u1edbi m\u1ee5c \u0111\u00edch cung c\u1ea5p s\u1ea3n ph\u1ea9m v\u00e0 d\u1ecbch v\u1ee5 c\u1ee7a c\u00f4ng ty \u0111\u1ebfn kh\u00e1ch h\u00e0ng nhanh ch\u00f3ng v\u00e0 ch\u00ednh x\u00e1c. C\u00f4ng ty TNHH Tin H\u1ecdc \u00c1 Ch\u00e2u kh\u00f4ng b\u00e1n, chia s\u1ebb hay trao \u0111\u1ed5i th\u00f4ng tin c\u00e1 nh\u00e2n c\u1ee7a kh\u00e1ch h\u00e0ng cho b\u00ean th\u1ee9 ba n\u00e0o kh\u00e1c.<br>Th\u00f4ng tin c\u00e1 nh\u00e2n thu th\u1eadp \u0111\u01b0\u1ee3c s\u1ebd ch\u1ec9 \u0111\u01b0\u1ee3c s\u1eed d\u1ee5ng trong n\u1ed9i b\u1ed9 c\u00f4ng ty.<br>Ph\u1ea1m vi thu th\u1eadp th\u00f4ng tin:<br>C\u00f4ng ty TNHH Tin H\u1ecdc \u00c1 Ch\u00e2u thu th\u1eadp th\u00f4ng tin khi kh\u00e1ch h\u00e0ng ch\u1ee7 \u0111\u1ed9ng li\u00ean h\u1ec7 ho\u1eb7c \u0111\u0103ng k\u00fd d\u1ecbch v\u1ee5; Th\u00f4ng tin c\u00e1 nh\u00e2n c\u1ee7a kh\u00e1ch h\u00e0ng \u0111\u01b0\u1ee3c thu th\u1eadp bao g\u1ed3m:<br>\u2013 H\u1ecd v\u00e0 t\u00ean<br>\u2013 \u0110\u1ecba ch\u1ec9<br>\u2013 \u0110i\u1ec7n tho\u1ea1i<br>\u2013 Email<br>\u2013 \u0110\u01a1n v\u1ecb c\u00f4ng t\u00e1c<br>\u2013 Nhu c\u1ea7u c\u1ee7a kh\u00e1ch h\u00e0ng v\u1ec1 d\u1ecbch v\u1ee5 ho\u1eb7c h\u00e0ng h\u00f3a m\u00e0 c\u00f4ng ty s\u1ebd cung c\u1ea5p.<\/li>\n\n\n\n<li>Ph\u1ea1m vi s\u1eed d\u1ee5ng th\u00f4ng tin<br>Th\u00f4ng tin c\u00e1 nh\u00e2n c\u1ee7a kh\u00e1ch h\u00e0ng ch\u1ec9 \u0111\u01b0\u1ee3c s\u1eed d\u1ee5ng trong n\u1ed9i b\u1ed9 c\u00f4ng ty, kh\u00f4ng b\u00e1n ho\u1eb7c chia s\u1ebb v\u1edbi \u0111\u1ed1i t\u00e1c kh\u00e1c. Ch\u00fang t\u00f4i s\u1eed d\u1ee5ng th\u00f4ng tin kh\u00e1ch h\u00e0ng \u0111\u00e3 thu th\u1eadp \u0111\u01b0\u1ee3c \u0111\u1ec3:<br>\u2013 H\u1ed7 tr\u1ee3 kh\u00e1ch h\u00e0ng<br>\u2013 Cung c\u1ea5p th\u00f4ng tin li\u00ean quan \u0111\u1ebfn d\u1ecbch v\u1ee5 \u2013 s\u1ea3n ph\u1ea9m c\u1ee7a ch\u00fang t\u00f4i \u0111\u1ebfn kh\u00e1ch h\u00e0ng.<br>\u2013 X\u1eed l\u00fd \u0111\u01a1n \u0111\u1eb7t h\u00e0ng v\u00e0 cung c\u1ea5p d\u1ecbch v\u1ee5 cho kh\u00e1ch h\u00e0ng.<br>\u2013 Khi c\u1ea7n thi\u1ebft, ch\u00fang t\u00f4i c\u00f3 th\u1ec3 s\u1eed d\u1ee5ng nh\u1eefng th\u00f4ng tin n\u00e0y \u0111\u1ec3 li\u00ean h\u1ec7 tr\u1ef1c ti\u1ebfp v\u1edbi b\u1ea1n d\u01b0\u1edbi c\u00e1c h\u00ecnh th\u1ee9c nh\u01b0: g\u1edfi th\u01b0 ng\u1ecf, \u0111\u01a1n \u0111\u1eb7t h\u00e0ng, th\u01b0 c\u1ea3m \u01a1n, th\u00f4ng tin v\u1ec1 k\u1ef9 thu\u1eadt v\u00e0 b\u1ea3o m\u1eadt, qu\u00fd kh\u00e1ch c\u00f3 th\u1ec3 nh\u1eadn \u0111\u01b0\u1ee3c th\u01b0 \u0111\u1ecbnh k\u1ef3 cung c\u1ea5p th\u00f4ng tin s\u1ea3n ph\u1ea9m, d\u1ecbch v\u1ee5 m\u1edbi, th\u00f4ng tin v\u1ec1 c\u00e1c s\u1ef1 ki\u1ec7n s\u1eafp t\u1edbi ho\u1eb7c th\u00f4ng tin tuy\u1ec3n d\u1ee5ng n\u1ebfu qu\u00fd kh\u00e1ch \u0111\u0103ng k\u00ed nh\u1eadn email th\u00f4ng b\u00e1o.<\/li>\n\n\n\n<li>\u0110\u01a1n v\u1ecb thu th\u1eadp \u2013 qu\u1ea3n l\u00fd th\u00f4ng tin:<br>Th\u00f4ng tin kh\u00e1ch h\u00e0ng \u0111\u01b0\u1ee3c thu th\u1eadp v\u00e0 qu\u1ea3n l\u00fd t\u1ea1i m\u00e1y ch\u1ee7 web c\u1ee7a C\u00f4ng ty TNHH Tin H\u1ecdc \u00c1 Ch\u00e2u, m\u00e1y ch\u1ee7 web \u0111\u01b0\u1ee3c \u0111\u1eb7t t\u1ea1i trung t\u00e2m d\u1eef li\u1ec7u c\u1ee7a VNPT (\u0111\u01a1n v\u1ecb cung c\u1ea5p d\u1ecbch v\u1ee5 m\u00e1y ch\u1ee7). C\u00f4ng ty TNHH Tin H\u1ecdc \u00c1 Ch\u00e2u tr\u1ef1c ti\u1ebfp qu\u1ea3n l\u00fd c\u00e1c d\u1eef li\u1ec7u thu th\u1eadp \u0111\u01b0\u1ee3c, kh\u00f4ng qua \u0111\u1ed1i t\u00e1c n\u00e0o kh\u00e1c.<br>\u2013 \u0110\u01a1n v\u1ecb thu th\u1eadp th\u00f4ng tin: C\u00f4ng ty TNHH Tin H\u1ecdc \u00c1 Ch\u00e2u<br>\u2013 \u0110\u1ecba ch\u1ec9 \u0111\u01a1n v\u1ecb: S\u1ed1 41 L\u00fd T\u1ef1 Tr\u1ecdng, ph\u01b0\u1eddng Ninh Ki\u1ec1u, th\u00e0nh ph\u1ed1 C\u1ea7n Th\u01a1.<br>\u2013 \u0110i\u1ec7n tho\u1ea1i: 02923 832022<\/li>\n\n\n\n<li>Th\u1eddi gian l\u01b0u tr\u1eef th\u00f4ng tin:<br>\u2013 B\u1ea5t c\u1ee9 th\u1eddi \u0111i\u1ec3m n\u00e0o qu\u00fd kh\u00e1ch c\u0169ng c\u00f3 th\u1ec3 truy c\u1eadp v\u00e0 ch\u1ec9nh s\u1eeda nh\u1eefng th\u00f4ng tin c\u00e1 nh\u00e2n c\u1ee7a m\u00ecnh theo c\u00e1c li\u00ean k\u1ebft th\u00edch h\u1ee3p m\u00e0 ch\u00fang t\u00f4i cung c\u1ea5p.<br>\u2013 Ho\u1eb7c kh\u00e1ch h\u00e0ng c\u00f3 th\u1ec3 y\u00eau c\u1ea7u x\u00f3a th\u00f4ng tin c\u00e1 nh\u00e2n b\u1eb1ng c\u00e1ch g\u1eedi mail v\u1ec1 tinhocachau.info@gmail.com <\/li>\n\n\n\n<li>Cam k\u1ebft b\u1ea3o m\u1eadt Th\u00f4ng tin:<br>C\u00f4ng ty TNHH Tin H\u1ecdc \u00c1 Ch\u00e2u xin cam k\u1ebft ch\u1ec9 s\u1eed d\u1ee5ng th\u00f4ng tin c\u00e1 nh\u00e2n c\u1ee7a kh\u00e1ch h\u00e0ng trong khu\u00f4n kh\u1ed5 \u201cPh\u1ea1m vi s\u1eed d\u1ee5ng th\u00f4ng tin\u201d, C\u00f4ng ty TNHH Tin H\u1ecdc \u00c1 Ch\u00e2u s\u1ebd kh\u00f4ng s\u1eed d\u1ee5ng th\u00f4ng tin c\u1ee7a kh\u00e1ch h\u00e0ng v\u1edbi b\u1ea5t c\u1ee9 m\u1ee5c \u0111\u00edch n\u00e0o kh\u00e1c.<\/li>\n<\/ol>\n","protected":false},"excerpt":{"rendered":"<p>C\u00f4ng ty TNHH Tin H\u1ecdc \u00c1 Ch\u00e2u k\u00ednh ch\u00e0o qu\u00fd kh\u00e1ch! \u0110\u01b0\u1ee3c th\u00e0nh l\u1eadp t\u1eeb n\u0103m 2002, l\u00e0 m\u1ed9t trong nh\u1eefng c\u00f4ng ty h\u00e0ng \u0111\u1ea7u v\u1ec1 l\u0129nh v\u1ef1c c\u00f4ng ngh\u1ec7 th\u00f4ng tin t\u1ea1i C\u1ea7n Th\u01a1, \u0111\u1ea1i l\u00fd ph\u00e2n ph\u1ed1i \u2013 b\u00e1n l\u1ebb nhi\u1ec1u m\u1eb7t h\u00e0ng v\u1ec1 c\u00f4ng ngh\u1ec7 th\u00f4ng tin, cung c\u1ea5p d\u1ecbch v\u1ee5. C\u00f4ng [&hellip;]<\/p>\n","protected":false},"author":1,"featured_media":0,"parent":0,"menu_order":0,"comment_status":"closed","ping_status":"closed","template":"","meta":{"footnotes":""},"class_list":["post-158","page","type-page","status-publish","hentry"],"_links":{"self":[{"href":"http:\/\/www.tinhocachau.com.vn\/index.php?rest_route=\/wp\/v2\/pages\/158","targetHints":{"allow":["GET"]}}],"collection":[{"href":"http:\/\/www.tinhocachau.com.vn\/index.php?rest_route=\/wp\/v2\/pages"}],"about":[{"href":"http:\/\/www.tinhocachau.com.vn\/index.php?rest_route=\/wp\/v2\/types\/page"}],"author":[{"embeddable":true,"href":"http:\/\/www.tinhocachau.com.vn\/index.php?rest_route=\/wp\/v2\/users\/1"}],"replies":[{"embeddable":true,"href":"http:\/\/www.tinhocachau.com.vn\/index.php?rest_route=%2Fwp%2Fv2%2Fcomments&post=158"}],"version-history":[{"count":8,"href":"http:\/\/www.tinhocachau.com.vn\/index.php?rest_route=\/wp\/v2\/pages\/158\/revisions"}],"predecessor-version":[{"id":400,"href":"http:\/\/www.tinhocachau.com.vn\/index.php?rest_route=\/wp\/v2\/pages\/158\/revisions\/400"}],"wp:attachment":[{"href":"http:\/\/www.tinhocachau.com.vn\/index.php?rest_route=%2Fwp%2Fv2%2Fmedia&parent=158"}],"curies":[{"name":"wp","href":"https:\/\/api.w.org\/{rel}","templated":true}]}}