{"id":305,"date":"2024-01-20T10:30:38","date_gmt":"2024-01-20T03:30:38","guid":{"rendered":"http:\/\/www.tinhocachau.com.vn\/?post_type=product&#038;p=305"},"modified":"2024-01-21T10:36:18","modified_gmt":"2024-01-21T03:36:18","slug":"may-in-canon-lbp2900","status":"publish","type":"product","link":"http:\/\/www.tinhocachau.com.vn\/?product=may-in-canon-lbp2900","title":{"rendered":"M\u00e1y in Canon LBP2900"},"content":{"rendered":"<p><strong class=\"header\">T\u1ed1c \u0111\u1ed9 in: <\/strong>12 trang\/ph\u00fat (A4)<\/p>\n<p><strong class=\"header\">\u0110\u1ed9 ph\u00e2n gi\u1ea3i: <\/strong>\u0110\u1ed9 ph\u00e2n gi\u1ea3i th\u1ef1c 600 x 600 dpi, (2400 x 600 dpi t\u01b0\u01a1ng \u0111\u01b0\u01a1ng v\u1edbi c\u00f4ng ngh\u1ec7 l\u1ecdc h\u00ecnh \u1ea3nh t\u1ef1 \u0111\u1ed9ng AIR)<\/p>\n<p><strong class=\"header\">B\u1ed9 nh\u1edb: <\/strong>D\u00f9ng b\u1ed9 nh\u1edb PC (b\u1ed9 nh\u1edb chu\u1ea9n 2MB tr\u00ean board)<\/p>\n<p><strong class=\"header\">Th\u1eddi gian in b\u1ea3n \u0111\u1ea7u ti\u00ean:<\/strong> 9,3 gi\u00e2y<\/p>\n<p><strong class=\"header\">Kh\u1ed5 gi\u1ea5y:<\/strong><\/p>\n<ul>\n<li>Khay tr\u01b0\u1edbc: A4, B5, A5, LGL, LTR, Executive, Gi\u1ea5y in b\u00ec th\u01b0 C5\/COM10\/DL, Monarch<\/li>\n<li>Khay tay: Gi\u1ea5y ti\u00eau chu\u1ea9n (Chi\u1ec1u r\u1ed9ng: 76,2-215,9mm), Chi\u1ec1u d\u00e0i : 127,0-355,6mm.<\/li>\n<\/ul>\n<p><strong class=\"header\">Gi\u1ea5y v\u00e0o: <\/strong>Khay tr\u01b0\u1edbc: 150 t\u1edd, Khay tay: 1 t\u1edd<\/p>\n<p><strong class=\"header\">Gi\u1ea5y ra: <\/strong>100 t\u1edd<\/p>\n<p><strong>C\u1ecfng k\u1ebft n\u1ed1i:<\/strong> USB 2.0<\/p>\n<p><strong class=\"header\">C\u00f4ng su\u1ea5t khuy\u1ebfn ngh\u1ecb\/th\u00e1ng:<\/strong> 200 &#8211; 800 trang<\/p>\n<p style=\"text-align: center\">Qu\u00fd kh\u00e1ch c\u00f3 th\u1ec3 t\u1ea3i <a href=\"https:\/\/vn.canon\/vi\/support\/LASER%20SHOT%20LBP2900__%202900B\/model\" target=\"_blank\" rel=\"noopener\">Driver t\u1ea1i \u0111\u00e2y.<\/a><\/p>\n","protected":false},"excerpt":{"rendered":"<p><strong class=\"header\">T\u1ed1c \u0111\u1ed9 in: <\/strong>12 trang\/ph\u00fat (A4) \/\u00a0<strong class=\"header\">\u0110\u1ed9 ph\u00e2n gi\u1ea3i: <\/strong>\u0110\u1ed9 ph\u00e2n gi\u1ea3i th\u1ef1c 600 x 600 dpi \/\u00a0<strong class=\"header\">B\u1ed9 nh\u1edb: <\/strong>D\u00f9ng b\u1ed9 nh\u1edb PC (b\u1ed9 nh\u1edb chu\u1ea9n 2MB tr\u00ean board)<\/p>\n","protected":false},"featured_media":306,"template":"","meta":[],"product_cat":[30,29],"product_tag":[],"class_list":{"0":"post-305","1":"product","2":"type-product","3":"status-publish","4":"has-post-thumbnail","6":"product_cat-may-in-don-sac","7":"product_cat-may-in-may-scan","9":"first","10":"instock","11":"shipping-taxable","12":"purchasable","13":"product-type-simple"},"_links":{"self":[{"href":"http:\/\/www.tinhocachau.com.vn\/index.php?rest_route=\/wp\/v2\/product\/305","targetHints":{"allow":["GET"]}}],"collection":[{"href":"http:\/\/www.tinhocachau.com.vn\/index.php?rest_route=\/wp\/v2\/product"}],"about":[{"href":"http:\/\/www.tinhocachau.com.vn\/index.php?rest_route=\/wp\/v2\/types\/product"}],"wp:featuredmedia":[{"embeddable":true,"href":"http:\/\/www.tinhocachau.com.vn\/index.php?rest_route=\/wp\/v2\/media\/306"}],"wp:attachment":[{"href":"http:\/\/www.tinhocachau.com.vn\/index.php?rest_route=%2Fwp%2Fv2%2Fmedia&parent=305"}],"wp:term":[{"taxonomy":"product_cat","embeddable":true,"href":"http:\/\/www.tinhocachau.com.vn\/index.php?rest_route=%2Fwp%2Fv2%2Fproduct_cat&post=305"},{"taxonomy":"product_tag","embeddable":true,"href":"http:\/\/www.tinhocachau.com.vn\/index.php?rest_route=%2Fwp%2Fv2%2Fproduct_tag&post=305"}],"curies":[{"name":"wp","href":"https:\/\/api.w.org\/{rel}","templated":true}]}}