{"id":311,"date":"2024-01-21T09:41:22","date_gmt":"2024-01-21T02:41:22","guid":{"rendered":"http:\/\/www.tinhocachau.com.vn\/?post_type=product&#038;p=311"},"modified":"2024-01-21T09:41:23","modified_gmt":"2024-01-21T02:41:23","slug":"trend-micro-internet-security","status":"publish","type":"product","link":"http:\/\/www.tinhocachau.com.vn\/?product=trend-micro-internet-security","title":{"rendered":"Trend Micro Internet Security"},"content":{"rendered":"<p><strong>Th\u00f4ng tin b\u1ea3n quy\u1ec1n:<\/strong><\/p>\n<ul>\n<li>Lo\u1ea1i b\u1ea3n quy\u1ec1n: Key k\u00edch ho\u1ea1t online.<\/li>\n<li>Th\u1eddi h\u1ea1n: 1 n\u0103m (k\u1ec3 t\u1eeb ng\u00e0y k\u00edch ho\u1ea1t)<\/li>\n<\/ul>\n<h3 class=\"mb-4\">B\u1ea3o M\u1eadt Thanh To\u00e1n (New)<\/h3>\n<p>Giao d\u1ecbch ng\u00e2n h\u00e0ng ho\u1eb7c mua h\u00e0ng tr\u1ef1c tuy\u1ebfn an to\u00e0n h\u01a1n v\u1edbi n\u1ec1n t\u1ea3ng tr\u00ecnh duy\u1ec7t Website m\u1eb7c \u0111\u1ecbnh d\u01b0\u1edbi s\u1ef1 b\u1ea3o m\u1eadt c\u1ee7a Pay Guard B\u00e2y gi\u1edd, b\u1ea1n c\u00f3 th\u1ec3 ng\u0103n ch\u1eb7n tin t\u1eb7c t\u1ea5n c\u00f4ng v\u00e0 \u0111\u00e1nh c\u1eafp th\u00f4ng tin khi \u0111ang giao d\u1ecbch ng\u00e2n h\u00e0ng ho\u1eb7c mua s\u1eafm tr\u1ef1c tuy\u1ebfn.<\/p>\n<h3 class=\"mb-4\">M\u1ea1nh m\u1ebd v\u00e0 d\u1ec5 d\u00e0ng ch\u1ed1ng virus<\/h3>\n<p>T\u1eeb tr\u00ecnh qu\u1ea3n l\u00fd ch\u00ednh c\u1ee7a ph\u1ea7n m\u1ec1m di\u1ec7t virus Trend Micro, b\u1ea1n c\u00f3 th\u1ec3 d\u1ec5 d\u00e0ng qu\u00e9t virus, c\u1eadp nh\u1eadt \u0111\u01b0\u1ee3c b\u00e1o c\u00e1o t\u00ecnh tr\u1ea1ng an ninh c\u1ee7a m\u00e1y theo t\u1eebng ph\u00fat, v\u00e0 s\u1eed d\u1ee5ng \u0111\u01b0\u1ee3c c\u00e1c n\u00fat \u0111\u01b0\u1eddng t\u1eaft \u0111\u1ebfn c\u00e1c t\u00ednh n\u0103ng nh\u01b0 tr\u00ecnh qu\u00e9t ri\u00eang t\u01b0 Facebook. B\u1ea1n c\u0169ng c\u00f3 th\u1ec3 xem tr\u1ea1ng th\u00e1i b\u1ea3o v\u1ec7 vi\u1ec7c b\u1ea3o v\u1ec7, bao g\u1ed3m chi ti\u1ebft v\u1ec1 ph\u1ea7n m\u1ec1m, tr\u1ee3 gi\u00fap tr\u1ef1c tuy\u1ebfn, v\u00e0 th\u00f4ng tin t\u00e0i kho\u1ea3n.<\/p>\n<h3 class=\"mb-4\">Ng\u0103n ng\u1eeba c\u00e1c m\u1ed1i hi\u1ec3m h\u1ecda t\u1eeb Web<\/h3>\n<p>Khi d\u00f9ng ph\u1ea7n m\u1ec1m Trend Micro, b\u1ea1n s\u1ebd \u0111\u01b0\u1ee3c b\u1ea3o v\u1ec7 kh\u1ecfi c\u00e1c m\u1ed1i hi\u1ec3m h\u1ecda t\u1eeb website \u0111\u1ed9c h\u1ea1i, t\u1ec7p tin \u0111\u00ednh k\u00e8m t\u1eeb email v\u00e0 tin nh\u1eafn. \u0110\u00e2y l\u00e0 m\u1ee9c \u0111\u1ed9 an ninh \u0111\u01b0\u1ee3c \u0111\u1ec1 ngh\u1ecb \u0111\u1ec3 b\u1ea3o v\u1ec7 b\u1ea1n kh\u1ecfi l\u1eeba \u0111\u1ea3o tr\u1ef1c tuy\u1ebfn \u0111\u00e1nh c\u1eafp c\u00e1c th\u00f4ng tin t\u00edn d\u1ee5ng ho\u1eb7c c\u00e1c th\u00f4ng tin t\u00e0i ch\u00ednh. B\u1ea1n s\u1ebd nh\u1eadn \u0111\u01b0\u1ee3c c\u00e1c c\u1ea3nh b\u00e1o c\u1ee7a c\u00e1c trang web kh\u00f4ng an to\u00e0n v\u00e0 ch\u1eb7n kh\u00f4ng cho truy c\u1eadp v\u00e0o ch\u00fang. T\u1ea3i ph\u1ea7n m\u1ec1m di\u1ec7t virus t\u1ed1t nh\u1ea5t Trend Micro Internet Security 15 (2019) ngay tr\u00ean trang n\u00e0y \u0111\u1ec3 gi\u00fap b\u1ea1n ng\u0103n ng\u1eeba c\u00e1c m\u1ed1i nguy hi\u1ec3m ti\u1ec1m \u1ea9n.<\/p>\n<h3 class=\"mb-4\">Ng\u0103n ng\u1eeba \u0111\u00e1nh c\u1eafp d\u1eef li\u1ec7u<\/h3>\n<p>Trend Micro c\u00f3 th\u1ec3 gi\u00fap ng\u0103n ch\u1eb7n tin t\u1eb7c v\u00e0 c\u00e1c ph\u1ea7n m\u1ec1m gi\u00e1n \u0111i\u1ec7p \u0103n c\u1eafp s\u1ed1 th\u1ebb t\u00edn d\u1ee5ng, m\u1eadt kh\u1ea9u, v\u00e0 c\u00e1c d\u1eef li\u1ec7u nh\u1ea1y c\u1ea3m kh\u00e1c. B\u00e2y gi\u1edd, b\u1ea1n c\u00f3 th\u1ec3 s\u1eed d\u1ee5ng c\u00e1c d\u1eef li\u1ec7u b\u00ed m\u1eadt \u0111\u01b0\u1ee3c \u0111\u01b0a v\u00e0o c\u00e1c trang web, th\u01b0 \u0111i\u1ec7n t\u1eed hay tin nh\u1eafn IM. S\u1eed d\u1ee5ng danh m\u1ee5c \u0111\u1ecbnh tr\u01b0\u1edbc, ho\u1eb7c thi\u1ebft l\u1eadp nh\u1eefng c\u00e1i m\u1edbi c\u1ee7a ri\u00eang b\u1ea1n.<\/p>\n","protected":false},"excerpt":{"rendered":"<p>Lo\u1ea1i b\u1ea3n quy\u1ec1n: Key k\u00edch ho\u1ea1t online. \/ Th\u1eddi h\u1ea1n: 1 n\u0103m (k\u1ec3 t\u1eeb ng\u00e0y k\u00edch ho\u1ea1t)<\/p>\n","protected":false},"featured_media":149,"template":"","meta":[],"product_cat":[36,70],"product_tag":[],"class_list":{"0":"post-311","1":"product","2":"type-product","3":"status-publish","4":"has-post-thumbnail","6":"product_cat-phan-mem","7":"product_cat-phan-mem-antivirus","9":"first","10":"instock","11":"shipping-taxable","12":"purchasable","13":"product-type-simple"},"_links":{"self":[{"href":"http:\/\/www.tinhocachau.com.vn\/index.php?rest_route=\/wp\/v2\/product\/311","targetHints":{"allow":["GET"]}}],"collection":[{"href":"http:\/\/www.tinhocachau.com.vn\/index.php?rest_route=\/wp\/v2\/product"}],"about":[{"href":"http:\/\/www.tinhocachau.com.vn\/index.php?rest_route=\/wp\/v2\/types\/product"}],"wp:featuredmedia":[{"embeddable":true,"href":"http:\/\/www.tinhocachau.com.vn\/index.php?rest_route=\/wp\/v2\/media\/149"}],"wp:attachment":[{"href":"http:\/\/www.tinhocachau.com.vn\/index.php?rest_route=%2Fwp%2Fv2%2Fmedia&parent=311"}],"wp:term":[{"taxonomy":"product_cat","embeddable":true,"href":"http:\/\/www.tinhocachau.com.vn\/index.php?rest_route=%2Fwp%2Fv2%2Fproduct_cat&post=311"},{"taxonomy":"product_tag","embeddable":true,"href":"http:\/\/www.tinhocachau.com.vn\/index.php?rest_route=%2Fwp%2Fv2%2Fproduct_tag&post=311"}],"curies":[{"name":"wp","href":"https:\/\/api.w.org\/{rel}","templated":true}]}}