{"id":320,"date":"2024-01-21T10:50:49","date_gmt":"2024-01-21T03:50:49","guid":{"rendered":"http:\/\/www.tinhocachau.com.vn\/?post_type=product&#038;p=320"},"modified":"2024-01-21T10:50:50","modified_gmt":"2024-01-21T03:50:50","slug":"brother-dcp-b7640dw","status":"publish","type":"product","link":"http:\/\/www.tinhocachau.com.vn\/?product=brother-dcp-b7640dw","title":{"rendered":"Brother DCP-B7640DW"},"content":{"rendered":"<p><strong>Lo\u1ea1i m\u00e1y in: <\/strong>M\u00e1y in laser<\/p>\n<p>Ch\u1ee9c n\u0103ng: In &#8211; Qu\u00e9t &#8211; Copy.<\/p>\n<p>T\u1ed1c \u0111\u1ed9 in: L\u00ean \u0111\u1ebfn 34 trang\/ph\u00fat (A4) \/ L\u00ean \u0111\u1ebfn 36 trang\/ph\u00fat (Letter)<\/p>\n<p>\u0110\u1ed9 ph\u00e2n gi\u1ea3i in: L\u00ean \u0111\u1ebfn 1200 x 1200 dpi<\/p>\n<p>Khay gi\u1ea5y v\u00e0o: L\u00ean \u0111\u1ebfn 250 t\u1edd (80 gsm)<\/p>\n<p>Khay ch\u1ee9a gi\u1ea5y ra: 120 t\u1edd m\u1eb7t \u00fap xu\u1ed1ng (80gsm) \/ 1 t\u1edd m\u1eb7t ng\u1eeda l\u00ean (khay ra gi\u1ea5y th\u1eb3ng).<\/p>\n<p><strong>Ch\u1ee9c n\u0103ng copy:<\/strong> C\u00f3<\/p>\n<ul>\n<li>\u0110\u1ed9 ph\u00e2n gi\u1ea3i copy: L\u00ean \u0111\u1ebfn 600 x 600 dpi<\/li>\n<\/ul>\n<p><strong>Ch\u1ee9c n\u0103ng qu\u00e9t (scan): <\/strong>c\u00f3<\/p>\n<ul>\n<li>Qu\u00e9t m\u00e0u: c\u00f3<\/li>\n<li>\u0110\u1ed9 ph\u00e2n gi\u1ea3i qu\u00e9t: T\u1ed1i \u0111a 1200 x 1200 dpi (m\u1eb7t k\u00ednh) Up to 600 x 600 dpi (ADF)<\/li>\n<\/ul>\n<p>Lo\u1ea1i gi\u1ea5y: Plain Paper, Thin Paper, Thick Paper, Thicker Paper, Recycled Paper, Bond, Label, Envelope, Env. Thin, Env.Thick.<\/p>\n<p>Kh\u1ed5 gi\u1ea5y: A4, Letter, B5 (JIS), B5 (ISO), A5, A5 (Long Edge), B6 (JIS), A6, Executive, Legal, Mexico Legal, India Legal, Folio, 16K (195&#215;270 mm), A4 Short (270mm Paper), COM-10, DL, C5, Monarch.<\/p>\n<p>K\u00eat n\u1ed1i:<\/p>\n<ul>\n<li>Hi-Speed USB 2.0<\/li>\n<li>Ethernet 10Base-T\/100Base-TX<\/li>\n<li>Wi-Fi 2.4GHz: IEEE 802.11b\/g\/n (Infrastructure Mode) IEEE 802.11g\/n (Wi-Fi Direct\u00ae)<\/li>\n<li>Wi-Fi 5GHz: IEEE 802.11a\/n (Infrastructure Mode) IEEE 802.11a\/n (Wi-Fi Direct\u00ae)<\/li>\n<\/ul>\n<p>M\u00e0n h\u00ecnh: M\u00e0n h\u00ecnh LCD 2 d\u00f2ng (16 k\u00fd t\u1ef1)<\/p>\n<p>B\u1ed9 nh\u1edb: 256 MB<\/p>\n<p>H\u1ed7 tr\u1ee3 h\u1ec7 \u0111i\u1ec1u h\u00e0nh: Windows 10, 11, Server 2012, Server 2012 R2, Server 2016, Server 2019, Server 2022.<\/p>\n","protected":false},"excerpt":{"rendered":"<p>L\u00ean \u0111\u1ebfn 34\/36 trang m\u1ed7i ph\u00fat \/ In 2 m\u1eb7t t\u1ef1 \u0111\u1ed9ng \/ Khay n\u1ea1p t\u00e0i li\u1ec7u t\u1ef1 \u0111\u1ed9ng (l\u00ean \u0111\u1ebfn 50 t\u1edd (A4\/Letter))<\/p>\n","protected":false},"featured_media":321,"template":"","meta":[],"product_cat":[30,29,32],"product_tag":[],"class_list":{"0":"post-320","1":"product","2":"type-product","3":"status-publish","4":"has-post-thumbnail","6":"product_cat-may-in-don-sac","7":"product_cat-may-in-may-scan","8":"product_cat-may-scan","10":"first","11":"instock","12":"shipping-taxable","13":"purchasable","14":"product-type-simple"},"_links":{"self":[{"href":"http:\/\/www.tinhocachau.com.vn\/index.php?rest_route=\/wp\/v2\/product\/320","targetHints":{"allow":["GET"]}}],"collection":[{"href":"http:\/\/www.tinhocachau.com.vn\/index.php?rest_route=\/wp\/v2\/product"}],"about":[{"href":"http:\/\/www.tinhocachau.com.vn\/index.php?rest_route=\/wp\/v2\/types\/product"}],"wp:featuredmedia":[{"embeddable":true,"href":"http:\/\/www.tinhocachau.com.vn\/index.php?rest_route=\/wp\/v2\/media\/321"}],"wp:attachment":[{"href":"http:\/\/www.tinhocachau.com.vn\/index.php?rest_route=%2Fwp%2Fv2%2Fmedia&parent=320"}],"wp:term":[{"taxonomy":"product_cat","embeddable":true,"href":"http:\/\/www.tinhocachau.com.vn\/index.php?rest_route=%2Fwp%2Fv2%2Fproduct_cat&post=320"},{"taxonomy":"product_tag","embeddable":true,"href":"http:\/\/www.tinhocachau.com.vn\/index.php?rest_route=%2Fwp%2Fv2%2Fproduct_tag&post=320"}],"curies":[{"name":"wp","href":"https:\/\/api.w.org\/{rel}","templated":true}]}}