{"id":368,"date":"2024-09-21T09:06:37","date_gmt":"2024-09-21T02:06:37","guid":{"rendered":"https:\/\/www.tinhocachau.com.vn\/?post_type=product&#038;p=368"},"modified":"2024-09-21T09:06:38","modified_gmt":"2024-09-21T02:06:38","slug":"man-hinh-may-tinh-ban-lenovo-e20-30","status":"publish","type":"product","link":"http:\/\/www.tinhocachau.com.vn\/?product=man-hinh-may-tinh-ban-lenovo-e20-30","title":{"rendered":"M\u00e0n h\u00ecnh m\u00e1y t\u00ednh b\u00e0n Lenovo E20-30"},"content":{"rendered":"<p>M\u00e0n h\u00ecnh m\u00e1y t\u00ednh b\u00e0n 19.5 inch<br \/>\n\u0110\u1ed9 ph\u00e2n gi\u1ea3i: 1600 x 900<br \/>\nTh\u1eddi gian \u0111\u00e1p \u1ee9ng: \u2264 2ms<br \/>\n\u0110\u1ed9 s\u00e1ng: 250 nits<br \/>\nC\u1ed5ng k\u1ebft n\u1ed1i: HDMI ho\u1eb7c DP ho\u1eb7c VGA t\u01b0\u01a1ng th\u00edch v\u1edbi th\u00e2n m\u00e1y<br \/>\nG\u00f3c nghi\u00eang: -5\u00b0 \/ 22\u00b0<br \/>\nNhi\u1ec7t \u0111\u1ed9 ho\u1ea1t \u0111\u1ed9ng: t\u1eeb 0\u00b0 \u0111\u1ebfn 40\u00b0<br \/>\nB\u1ea3o h\u00e0nh 3 n\u0103m<\/p>\n","protected":false},"excerpt":{"rendered":"<p>19.5 inch \/ \u0110\u1ed9 ph\u00e2n gi\u1ea3i: 1600 x 900 \/ Th\u1eddi gian \u0111\u00e1p \u1ee9ng: \u2264 2ms \/ \u0110\u1ed9 s\u00e1ng: 250 nits<\/p>\n","protected":false},"featured_media":369,"template":"","meta":[],"product_cat":[35],"product_tag":[],"class_list":{"0":"post-368","1":"product","2":"type-product","3":"status-publish","4":"has-post-thumbnail","6":"product_cat-man-hinh","8":"first","9":"instock","10":"shipping-taxable","11":"product-type-simple"},"_links":{"self":[{"href":"http:\/\/www.tinhocachau.com.vn\/index.php?rest_route=\/wp\/v2\/product\/368","targetHints":{"allow":["GET"]}}],"collection":[{"href":"http:\/\/www.tinhocachau.com.vn\/index.php?rest_route=\/wp\/v2\/product"}],"about":[{"href":"http:\/\/www.tinhocachau.com.vn\/index.php?rest_route=\/wp\/v2\/types\/product"}],"wp:featuredmedia":[{"embeddable":true,"href":"http:\/\/www.tinhocachau.com.vn\/index.php?rest_route=\/wp\/v2\/media\/369"}],"wp:attachment":[{"href":"http:\/\/www.tinhocachau.com.vn\/index.php?rest_route=%2Fwp%2Fv2%2Fmedia&parent=368"}],"wp:term":[{"taxonomy":"product_cat","embeddable":true,"href":"http:\/\/www.tinhocachau.com.vn\/index.php?rest_route=%2Fwp%2Fv2%2Fproduct_cat&post=368"},{"taxonomy":"product_tag","embeddable":true,"href":"http:\/\/www.tinhocachau.com.vn\/index.php?rest_route=%2Fwp%2Fv2%2Fproduct_tag&post=368"}],"curies":[{"name":"wp","href":"https:\/\/api.w.org\/{rel}","templated":true}]}}