{"id":384,"date":"2025-01-09T14:55:51","date_gmt":"2025-01-09T07:55:51","guid":{"rendered":"https:\/\/www.tinhocachau.com.vn\/?post_type=product&#038;p=384"},"modified":"2025-01-09T14:55:52","modified_gmt":"2025-01-09T07:55:52","slug":"may-quet-hp-scanjet-pro-3000-s4","status":"publish","type":"product","link":"http:\/\/www.tinhocachau.com.vn\/?product=may-quet-hp-scanjet-pro-3000-s4","title":{"rendered":"M\u00e1y qu\u00e9t HP ScanJet Pro 3000 s4"},"content":{"rendered":"<p>M\u00e1y qu\u00e9t HP ScanJet Pro 3000 s4<\/p>\n<p>Lo\u1ea1i m\u00e1y qu\u00e9t: qu\u00e9t 2 m\u1eb7t t\u1ef1 \u0111\u1ed9ng, ADF 50 t\u1edd<\/p>\n<p>C\u00f4ng ngh\u1ec7 qu\u00e9t: CMOS CIS<\/p>\n<p>T\u1ed1c \u0111\u1ed9 qu\u00e9t: 40 trang\/ ph\u00fat<\/p>\n<p>\u0110\u1ed9 ph\u00e2n gi\u1ea3i quang h\u1ecdc: 600dpi<\/p>\n<p>C\u00f4ng su\u1ea5t qu\u00e9t: 4000 trang\/ng\u00e0y<\/p>\n<p>Kh\u1ed5 gi\u1ea5y qu\u00e9t t\u1ed1i \u0111a: A4<\/p>\n<p>B\u1ed9 nh\u1edb: 256MB<\/p>\n<p>B\u1ea3o h\u00e0nh: 12 th\u00e1ng<\/p>\n","protected":false},"excerpt":{"rendered":"<p>T\u1ed1c \u0111\u1ed9 qu\u00e9t: 40 trang\/ ph\u00fat<\/p>\n<p>\u0110\u1ed9 ph\u00e2n gi\u1ea3i quang h\u1ecdc: 600dpi<\/p>\n<p>C\u00f4ng su\u1ea5t qu\u00e9t: 4000 trang\/ng\u00e0y<\/p>\n","protected":false},"featured_media":385,"template":"","meta":[],"product_cat":[29,32],"product_tag":[],"class_list":{"0":"post-384","1":"product","2":"type-product","3":"status-publish","4":"has-post-thumbnail","6":"product_cat-may-in-may-scan","7":"product_cat-may-scan","9":"first","10":"instock","11":"shipping-taxable","12":"purchasable","13":"product-type-simple"},"_links":{"self":[{"href":"http:\/\/www.tinhocachau.com.vn\/index.php?rest_route=\/wp\/v2\/product\/384","targetHints":{"allow":["GET"]}}],"collection":[{"href":"http:\/\/www.tinhocachau.com.vn\/index.php?rest_route=\/wp\/v2\/product"}],"about":[{"href":"http:\/\/www.tinhocachau.com.vn\/index.php?rest_route=\/wp\/v2\/types\/product"}],"wp:featuredmedia":[{"embeddable":true,"href":"http:\/\/www.tinhocachau.com.vn\/index.php?rest_route=\/wp\/v2\/media\/385"}],"wp:attachment":[{"href":"http:\/\/www.tinhocachau.com.vn\/index.php?rest_route=%2Fwp%2Fv2%2Fmedia&parent=384"}],"wp:term":[{"taxonomy":"product_cat","embeddable":true,"href":"http:\/\/www.tinhocachau.com.vn\/index.php?rest_route=%2Fwp%2Fv2%2Fproduct_cat&post=384"},{"taxonomy":"product_tag","embeddable":true,"href":"http:\/\/www.tinhocachau.com.vn\/index.php?rest_route=%2Fwp%2Fv2%2Fproduct_tag&post=384"}],"curies":[{"name":"wp","href":"https:\/\/api.w.org\/{rel}","templated":true}]}}