{"id":365,"date":"2024-09-21T08:47:08","date_gmt":"2024-09-21T01:47:08","guid":{"rendered":"https:\/\/www.tinhocachau.com.vn\/?post_type=product&#038;p=365"},"modified":"2024-09-22T13:22:21","modified_gmt":"2024-09-22T06:22:21","slug":"may-vi-tinh-a-chau-asia-ctinh-3282","status":"publish","type":"product","link":"https:\/\/www.tinhocachau.com.vn\/?product=may-vi-tinh-a-chau-asia-ctinh-3282","title":{"rendered":"M\u00e1y Vi T\u00ednh \u00c1 Ch\u00e2u ASIA-CT@INH 3282"},"content":{"rendered":"<p><strong>M\u00e1y Vi T\u00ednh \u00c1 Ch\u00e2u Th\u01b0\u01a1ng Hi\u1ec7u Vi\u1ec7t Nam \u0110a\u0323t Chu\u00e2\u0309n (ISO 9001:2015; ISO 14001:2015; ISO 17025:2017; ISO 27001:2013; ISO 45001:2018; QCVN 118:2018\/BTTTT)<\/strong><\/p>\n<ul>\n<li>Model: ASIA-CT@INH 3282<\/li>\n<li>H\u00e3ng s\u1ea3n xu\u1ea5t: \u00c1 Ch\u00e2u<\/li>\n<li>N\u01b0\u1edbc s\u1ea3n xu\u1ea5t: Vi\u1ec7t Nam<\/li>\n<li>B\u1ea3o h\u00e0nh: 24 th\u00e1ng<\/li>\n<\/ul>\n<p>&#8211; Bo m\u1ea1ch ch\u1ee7: Intel\u00ae H610 Chipset, 2 x DIMM, Max. 64GB, 1 x M.2 slot (Key M), 1 x Speaker header, 1 x SPI TPM header (14-1pin), 1 x 10-1 pin System Panel header, DIGI+ VRM, LANGuard, Overvoltage Protection, SafeSlot Core&#8230;<br \/>\n&#8211; Back panel port: 2 x USB 3.2 Gen 1 ports (2 x Type-A), 4 x USB 2.0 ports (4 x Type-A), 1 x D-Sub port, 1 x HDMI\u00ae port, 1 x Realtek 1Gb Ethernet port, 3 x Audio jacks, 1 x PS\/2 Keyboard\/Mouse combo port.<\/p>\n<p>&#8211; T\u00ednh n\u0103ng t\u00edch h\u1ee3p: Sao l\u01b0u v\u00e0 ph\u1ee5c h\u1ed3i h\u1ec7 th\u1ed1ng gi\u00fap m\u00e1y t\u00ednh \u0111\u01b0\u1ee3c b\u1ea3o v\u1ec7 v\u00e0 kh\u00f4i ph\u1ee5c l\u1ea1i khi m\u00e1y t\u00ednh b\u1ecb virus hay l\u1ed7i windows ch\u1ec9 m\u1ed9t thao t\u00e1c \u0111\u01a1n gi\u1ea3n. Cho ph\u00e9p thi\u1ebft l\u1eb7p nhi\u1ec1u \u0111i\u1ec3m ph\u1ee5c h\u1ed3i qu\u1ea3n l\u00fd b\u1eb1ng m\u1eadt kh\u1ea9u, v\u00e0 c\u00f3 th\u1ec3 t\u1ef1 \u0111\u1ed9ng t\u1ea1o \u0111i\u1ec3m ph\u1ee5c h\u1ed3i khi c\u00f3 s\u1ef1 thay \u0111\u1ed5i c\u1ee7a h\u1ec7 \u0111i\u1ec1u h\u00e0nh. C\u1ea3nh b\u00e1o dung l\u01b0\u1ee3ng \u0111\u0129a c\u00f2n tr\u1ed1ng. C\u00f3 th\u1ec3 th\u1ef1c hi\u1ec7n c\u00e0i \u0111\u1eb7t ch\u1ee9c n\u0103ng ph\u1ee5c h\u1ed3i h\u1ec7 th\u1ed1ng ngay khi kh\u1edfi \u0111\u1ed9ng l\u1ea1i. Cho ph\u00e9p \u0111\u00f3ng b\u0103ng h\u1ec7 th\u1ed1ng khi c\u1ea7n thi\u1ebft\u2026h\u1ed5 tr\u1ee3 \u0111\u01b0\u1ee3c c\u00e1c h\u1ec7 \u0111i\u1ec1u h\u00e0nh win 7, 8, 10, 11,linux . (<a href=\"http:\/\/www.tinhocachau.com.vn\/?p=351\" target=\"_blank\" rel=\"noopener\">Xem chi ti\u1ebft t\u1ea1i \u0111\u00e2y<\/a>)<\/p>\n<p>&#8211; B\u1ed9 x\u1eed l\u00fd Intel\u00ae Core\u2122 i3-12100 Processor (3.3Ghz turbo 4.3Ghz , 12M Cache, 4 Cores, 8 Threads, Socket 1700, Alder Lake)<\/p>\n<p>&#8211; B\u1ed9 nh\u1edb Ram DDR4\u00a0 8Gb bus 3200<\/p>\n<p>&#8211; \u00d4\u0309 c\u01b0\u0301ng: SSD\/M.2 SATA\u00a0 256Gb<\/p>\n<p>&#8211; Th\u00f9ng m\u00e1y ASIA-CT@. Ngu\u00f4\u0300n M\u00e1y t\u00ednh 550w ,Non-PFC, Hi\u1ec7u su\u1ea5t t\u1ed1i \u0111a 78% Smart Fan 12cm gi\u1ea3m t\u1ed1i \u0111a ti\u1ebfng \u1ed3n,C\u00e1c ch\u1ebf \u0111\u1ed9 b\u1ea3o v\u1ec7 ti\u00eau chu\u1ea9n : OVP, UVP, SCP\u2026<\/p>\n<p>&#8211; Ba\u0300n phi\u0301m, chu\u00f4\u0323t quang:\u00a0 USB<\/p>\n<p><strong>Ma\u0300n hi\u0300nh 21,5 inch Full HD, 221S9\/74<\/strong><\/p>\n<p>&#8211; M\u00e0n h\u00ecnh LCD 21.5\u201d W-LED ch\u1ed1ng ch\u00f3i, 1920 x 1080 @ 75 Hz, 16:9, 4 ms, 250 cd\/m\u00b2, T\u1ec9 l\u1ec7 t\u01b0\u01a1ng ph\u1ea3n (th\u00f4ng th\u01b0\u1eddng) 3000:1, Th\u1eddi gian ph\u1ea3n h\u1ed3i (th\u00f4ng th\u01b0\u1eddng): 4ms, SmartContrast 50.000.000:1, 16,7 tri\u1ec7u m\u00e0u, C\u1ed5ng k\u1ebft n\u1ed1i VGA v\u00e0 HDMI 1.4, C\u00f3 \u0111\u1ea7u ra \u00e2m thanh.<br \/>\n&#8211; H\u1ec7 \u0111i\u1ec1u h\u00e0nh: Windows 11 pro b\u1ea3n quy\u1ec1n v\u0129nh vi\u1ec5n k\u00e8m theo m\u00e1y.<\/p>\n","protected":false},"excerpt":{"rendered":"<p>Model: ASIA-CT@INH 3282 \/ N\u01b0\u1edbc s\u1ea3n xu\u1ea5t: Vi\u1ec7t Nam \/ B\u1ea3o h\u00e0nh: 24 th\u00e1ng \/<br \/>\nIIntel\u00ae Core\u2122 i3-12100 \/ 8Gb bus 3200 \/ 256GB SSD\/ 21,5 inch Full HD<\/p>\n","protected":false},"featured_media":350,"template":"","meta":[],"product_cat":[23,103,24],"product_tag":[],"class_list":{"0":"post-365","1":"product","2":"type-product","3":"status-publish","4":"has-post-thumbnail","6":"product_cat-may-tinh","7":"product_cat-may-tinh-a-chau","8":"product_cat-may-tinh-de-ban","10":"first","11":"instock","12":"shipping-taxable","13":"purchasable","14":"product-type-simple"},"_links":{"self":[{"href":"https:\/\/www.tinhocachau.com.vn\/index.php?rest_route=\/wp\/v2\/product\/365","targetHints":{"allow":["GET"]}}],"collection":[{"href":"https:\/\/www.tinhocachau.com.vn\/index.php?rest_route=\/wp\/v2\/product"}],"about":[{"href":"https:\/\/www.tinhocachau.com.vn\/index.php?rest_route=\/wp\/v2\/types\/product"}],"wp:featuredmedia":[{"embeddable":true,"href":"https:\/\/www.tinhocachau.com.vn\/index.php?rest_route=\/wp\/v2\/media\/350"}],"wp:attachment":[{"href":"https:\/\/www.tinhocachau.com.vn\/index.php?rest_route=%2Fwp%2Fv2%2Fmedia&parent=365"}],"wp:term":[{"taxonomy":"product_cat","embeddable":true,"href":"https:\/\/www.tinhocachau.com.vn\/index.php?rest_route=%2Fwp%2Fv2%2Fproduct_cat&post=365"},{"taxonomy":"product_tag","embeddable":true,"href":"https:\/\/www.tinhocachau.com.vn\/index.php?rest_route=%2Fwp%2Fv2%2Fproduct_tag&post=365"}],"curies":[{"name":"wp","href":"https:\/\/api.w.org\/{rel}","templated":true}]}}