{"id":366,"date":"2024-09-21T09:02:41","date_gmt":"2024-09-21T02:02:41","guid":{"rendered":"https:\/\/www.tinhocachau.com.vn\/?post_type=product&#038;p=366"},"modified":"2024-09-21T09:02:41","modified_gmt":"2024-09-21T02:02:41","slug":"may-in-hp-laser-m211d","status":"publish","type":"product","link":"https:\/\/www.tinhocachau.com.vn\/?product=may-in-hp-laser-m211d","title":{"rendered":"M\u00e1y in HP laser M211D"},"content":{"rendered":"<p>M\u00e1y in laser \u0111\u1ea3o m\u1eb7t<br \/>\nLo\u1ea1i m\u00e1y in: M\u00e1y in laser \u0111\u1ea3o m\u1eb7t<br \/>\nT\u1ed1c \u0111\u1ed9 x\u1eed l\u00fd: 500 MHz<br \/>\nB\u1ed9 nh\u1edb: 64 MB<br \/>\nKh\u1ed5 gi\u1ea5y: A4; A5; A6; B5<br \/>\nKh\u1ed5 gi\u1ea5y t\u00f9y ch\u1ec9nh h\u1ed7 tr\u1ee3 t\u1eeb 101.6 x 152.4 mm \u0111\u1ebfn 216 x 356 mm<br \/>\nKhay gi\u1ea5y v\u00e0o: 150 t\u1edd<br \/>\nKhay gi\u1ea5y ra: 100 t\u1edd<br \/>\nT\u1ed1c \u0111\u1ed9 in: 29 ppm (A4)<br \/>\nB\u1ea3n in \u0111\u1ea7u ti\u00ean: 6.9 gi\u00e2y (Letter) ho\u1eb7c nhanh h\u01a1n<br \/>\nK\u1ebft n\u1ed1i: USB<br \/>\nT\u01b0\u01a1ng th\u00edch h\u1ec7 \u0111i\u1ec1u h\u00e0nh: Microsoft\u00ae Windows\u00ae 10, 8.1, 8, 7 v\u00e0 macOS v10.13 tr\u1edf l\u00ean<br \/>\nH\u1ed9p m\u1ef1c in: C\u00f3 k\u00e8m theo m\u1ed9t h\u1ed9p m\u1ef1c c\u00f9ng h\u00e3ng s\u1ea3n xu\u1ea5t c\u1ee7a m\u00e1y in.<br \/>\nC\u00f4ng su\u1ea5t in h\u00e0ng th\u00e1ng: 20.000 b\u1ea3n in<br \/>\nPh\u1ee5 ki\u1ec7n k\u00e8m theo m\u00e1y in: D\u00e2y ngu\u1ed3n, d\u00e2y USB in, h\u1ed9p m\u1ef1c, t\u00e0i li\u1ec7u h\u01b0\u1edbng d\u1eabn s\u1eed d\u1ee5ng.<br \/>\nB\u1ea3o h\u00e0nh: 1 n\u0103m<\/p>\n","protected":false},"excerpt":{"rendered":"<p>Lo\u1ea1i m\u00e1y in: M\u00e1y in laser \u0111\u1ea3o m\u1eb7t \/ T\u1ed1c \u0111\u1ed9 x\u1eed l\u00fd: 500 MHz \/ B\u1ed9 nh\u1edb: 64 MB \/ Kh\u1ed5 gi\u1ea5y: A4; A5; A6; B5<\/p>\n","protected":false},"featured_media":367,"template":"","meta":[],"product_cat":[30,29],"product_tag":[],"class_list":{"0":"post-366","1":"product","2":"type-product","3":"status-publish","4":"has-post-thumbnail","6":"product_cat-may-in-don-sac","7":"product_cat-may-in-may-scan","9":"first","10":"instock","11":"shipping-taxable","12":"product-type-simple"},"_links":{"self":[{"href":"https:\/\/www.tinhocachau.com.vn\/index.php?rest_route=\/wp\/v2\/product\/366","targetHints":{"allow":["GET"]}}],"collection":[{"href":"https:\/\/www.tinhocachau.com.vn\/index.php?rest_route=\/wp\/v2\/product"}],"about":[{"href":"https:\/\/www.tinhocachau.com.vn\/index.php?rest_route=\/wp\/v2\/types\/product"}],"wp:featuredmedia":[{"embeddable":true,"href":"https:\/\/www.tinhocachau.com.vn\/index.php?rest_route=\/wp\/v2\/media\/367"}],"wp:attachment":[{"href":"https:\/\/www.tinhocachau.com.vn\/index.php?rest_route=%2Fwp%2Fv2%2Fmedia&parent=366"}],"wp:term":[{"taxonomy":"product_cat","embeddable":true,"href":"https:\/\/www.tinhocachau.com.vn\/index.php?rest_route=%2Fwp%2Fv2%2Fproduct_cat&post=366"},{"taxonomy":"product_tag","embeddable":true,"href":"https:\/\/www.tinhocachau.com.vn\/index.php?rest_route=%2Fwp%2Fv2%2Fproduct_tag&post=366"}],"curies":[{"name":"wp","href":"https:\/\/api.w.org\/{rel}","templated":true}]}}