{"id":379,"date":"2025-01-09T14:50:49","date_gmt":"2025-01-09T07:50:49","guid":{"rendered":"https:\/\/www.tinhocachau.com.vn\/?post_type=product&#038;p=379"},"modified":"2025-01-09T14:50:51","modified_gmt":"2025-01-09T07:50:51","slug":"man-hinh-hp-524sf","status":"publish","type":"product","link":"https:\/\/www.tinhocachau.com.vn\/?product=man-hinh-hp-524sf","title":{"rendered":"M\u00e0n h\u00ecnh HP 524SF"},"content":{"rendered":"<p>M\u00e0n h\u00ecnh m\u00e1y vi t\u00ednh HP S5 524sf<\/p>\n<table>\n<tbody>\n<tr>\n<td width=\"123\">Lo\u1ea1i m\u00e0n h\u00ecnh:<\/td>\n<td width=\"501\">IPS, b\u1ec1 m\u1eb7t ch\u1ed1ng ch\u00f3i<\/td>\n<\/tr>\n<tr>\n<td width=\"123\">K\u00edch th\u01b0\u1edbc:<\/td>\n<td width=\"501\">23.8 inch<\/td>\n<\/tr>\n<tr>\n<td width=\"123\">T\u1ec9 l\u1ec7:<\/td>\n<td width=\"501\">16:9<\/td>\n<\/tr>\n<tr>\n<td width=\"123\">\u0110\u1ed9 s\u00e1ng:<\/td>\n<td width=\"501\">300 nits<\/td>\n<\/tr>\n<tr>\n<td width=\"123\">\u0110\u1ed9 ph\u00e2n gi\u1ea3i:<\/td>\n<td width=\"501\">1920 x 1080 Full HD at 100Hz<\/td>\n<\/tr>\n<tr>\n<td width=\"123\">K\u1ebft n\u1ed1i:<\/td>\n<td width=\"501\">VGA; HDMI 1.4<\/td>\n<\/tr>\n<tr>\n<td width=\"123\">Ngu\u1ed3n:<\/td>\n<td width=\"501\">100 &#8211; 240 VAC \/ 50 &#8211; 60 Hz<\/td>\n<\/tr>\n<tr>\n<td width=\"123\">B\u1ea3o h\u00e0nh:<\/td>\n<td width=\"501\">12 th\u00e1ng<\/td>\n<\/tr>\n<\/tbody>\n<\/table>\n","protected":false},"excerpt":{"rendered":"<p>M\u00e0n h\u00ecnh IPS, b\u1ec1 m\u1eb7t ch\u1ed1ng ch\u00f3i. 23.8 inch 16:9; 1920 x 1080 Full HD at 100Hz 300 nits<\/p>\n","protected":false},"featured_media":380,"template":"","meta":[],"product_cat":[35,62],"product_tag":[],"class_list":{"0":"post-379","1":"product","2":"type-product","3":"status-publish","4":"has-post-thumbnail","6":"product_cat-man-hinh","7":"product_cat-man-hinh-hp","9":"first","10":"instock","11":"shipping-taxable","12":"purchasable","13":"product-type-simple"},"_links":{"self":[{"href":"https:\/\/www.tinhocachau.com.vn\/index.php?rest_route=\/wp\/v2\/product\/379","targetHints":{"allow":["GET"]}}],"collection":[{"href":"https:\/\/www.tinhocachau.com.vn\/index.php?rest_route=\/wp\/v2\/product"}],"about":[{"href":"https:\/\/www.tinhocachau.com.vn\/index.php?rest_route=\/wp\/v2\/types\/product"}],"wp:featuredmedia":[{"embeddable":true,"href":"https:\/\/www.tinhocachau.com.vn\/index.php?rest_route=\/wp\/v2\/media\/380"}],"wp:attachment":[{"href":"https:\/\/www.tinhocachau.com.vn\/index.php?rest_route=%2Fwp%2Fv2%2Fmedia&parent=379"}],"wp:term":[{"taxonomy":"product_cat","embeddable":true,"href":"https:\/\/www.tinhocachau.com.vn\/index.php?rest_route=%2Fwp%2Fv2%2Fproduct_cat&post=379"},{"taxonomy":"product_tag","embeddable":true,"href":"https:\/\/www.tinhocachau.com.vn\/index.php?rest_route=%2Fwp%2Fv2%2Fproduct_tag&post=379"}],"curies":[{"name":"wp","href":"https:\/\/api.w.org\/{rel}","templated":true}]}}